{"id":10,"date":"2023-05-14T04:49:45","date_gmt":"2023-05-14T04:49:45","guid":{"rendered":"http:\/\/gandarastireshop.com\/?page_id=10"},"modified":"2023-11-25T03:02:28","modified_gmt":"2023-11-25T03:02:28","slug":"financing","status":"publish","type":"page","link":"http:\/\/gandarastireshop.com\/es\/financing\/","title":{"rendered":"Financiamiento"},"content":{"rendered":"<div data-elementor-type=\"wp-page\" data-elementor-id=\"10\" class=\"elementor elementor-10\">\n\t\t\t\t\t\t<section class=\"elementor-section elementor-top-section elementor-element elementor-element-1f8f6c8 elementor-section-boxed elementor-section-height-default elementor-section-height-default\" data-id=\"1f8f6c8\" data-element_type=\"section\" data-settings=\"{&quot;background_background&quot;:&quot;classic&quot;}\">\n\t\t\t\t\t\t\t<div class=\"elementor-background-overlay\"><\/div>\n\t\t\t\t\t\t\t<div class=\"elementor-container elementor-column-gap-default\">\n\t\t\t\t\t<div class=\"elementor-column elementor-col-100 elementor-top-column elementor-element elementor-element-ccff0b2\" data-id=\"ccff0b2\" data-element_type=\"column\">\n\t\t\t<div class=\"elementor-widget-wrap elementor-element-populated\">\n\t\t\t\t\t\t<div class=\"elementor-element elementor-element-9b1a229 elementor-widget elementor-widget-spacer\" data-id=\"9b1a229\" data-element_type=\"widget\" data-widget_type=\"spacer.default\">\n\t\t\t\t<div class=\"elementor-widget-container\">\n\t\t\t\t\t\t\t<div class=\"elementor-spacer\">\n\t\t\t<div class=\"elementor-spacer-inner\"><\/div>\n\t\t<\/div>\n\t\t\t\t\t\t<\/div>\n\t\t\t\t<\/div>\n\t\t\t\t\t<\/div>\n\t\t<\/div>\n\t\t\t\t\t<\/div>\n\t\t<\/section>\n\t\t\t\t<section class=\"elementor-section elementor-top-section elementor-element elementor-element-c5b1aa6 elementor-section-boxed elementor-section-height-default elementor-section-height-default\" data-id=\"c5b1aa6\" data-element_type=\"section\" data-settings=\"{&quot;background_background&quot;:&quot;classic&quot;}\">\n\t\t\t\t\t\t<div class=\"elementor-container elementor-column-gap-default\">\n\t\t\t\t\t<div class=\"elementor-column elementor-col-66 elementor-top-column elementor-element elementor-element-bcbec94\" data-id=\"bcbec94\" data-element_type=\"column\">\n\t\t\t<div class=\"elementor-widget-wrap elementor-element-populated\">\n\t\t\t\t\t\t<div class=\"elementor-element elementor-element-86b8c5f elementor-widget elementor-widget-heading\" data-id=\"86b8c5f\" data-element_type=\"widget\" data-widget_type=\"heading.default\">\n\t\t\t\t<div class=\"elementor-widget-container\">\n\t\t\t\t\t<h1 class=\"elementor-heading-title elementor-size-default\">Financiamiento<\/h1>\t\t\t\t<\/div>\n\t\t\t\t<\/div>\n\t\t\t\t<div class=\"elementor-element elementor-element-7631f69 elementor-widget elementor-widget-text-editor\" data-id=\"7631f69\" data-element_type=\"widget\" data-widget_type=\"text-editor.default\">\n\t\t\t\t<div class=\"elementor-widget-container\">\n\t\t\t\t\t\t\t\t\t<p><span style=\"font-weight: 400;\">En Gandara's Auto Tires, entendemos que comprar un autom\u00f3vil o neum\u00e1ticos nuevos puede ser un gasto importante. Pero no te preocupes, estamos aqu\u00ed para ayudarte con opciones de financiamiento flexibles. Nuestro plan de financiamiento a 100 d\u00edas te facilita obtener los productos y servicios que necesitas sin vaciar tu cartera. \u00a1Trabajemos juntos para encontrar un plan de pago que se ajuste a tu presupuesto!<\/span><\/p>\t\t\t\t\t\t\t\t<\/div>\n\t\t\t\t<\/div>\n\t\t\t\t<div class=\"elementor-element elementor-element-f97f318 elementor-widget elementor-widget-heading\" data-id=\"f97f318\" data-element_type=\"widget\" data-widget_type=\"heading.default\">\n\t\t\t\t<div class=\"elementor-widget-container\">\n\t\t\t\t\t<h1 class=\"elementor-heading-title elementor-size-default\">Plan de financiamiento a<\/h1>\t\t\t\t<\/div>\n\t\t\t\t<\/div>\n\t\t\t\t<div class=\"elementor-element elementor-element-94952d9 elementor-widget elementor-widget-heading\" data-id=\"94952d9\" data-element_type=\"widget\" data-widget_type=\"heading.default\">\n\t\t\t\t<div class=\"elementor-widget-container\">\n\t\t\t\t\t<h1 class=\"elementor-heading-title elementor-size-default\">100 d\u00edas<\/h1>\t\t\t\t<\/div>\n\t\t\t\t<\/div>\n\t\t\t\t<div class=\"elementor-element elementor-element-26e085c elementor-widget elementor-widget-button\" data-id=\"26e085c\" data-element_type=\"widget\" data-widget_type=\"button.default\">\n\t\t\t\t<div class=\"elementor-widget-container\">\n\t\t\t\t\t\t\t\t\t<div class=\"elementor-button-wrapper\">\n\t\t\t\t\t<a class=\"elementor-button elementor-button-link elementor-size-sm\" href=\"https:\/\/bk.snapfinance.com\/origination?paramId=3w%2FEWVFzVGcQioSdKn1vuqdr2hNr3A1xe3iYs65GNJmviiTUv%2FHMOteEytMD8rETnFaIlRYqs%2BztIjfoOxmMLg%3D%3D\" target=\"_blank\">\n\t\t\t\t\t\t<span class=\"elementor-button-content-wrapper\">\n\t\t\t\t\t\t\t\t\t<span class=\"elementor-button-text\">Haz clic aqu\u00ed para solicitar<\/span>\n\t\t\t\t\t<\/span>\n\t\t\t\t\t<\/a>\n\t\t\t\t<\/div>\n\t\t\t\t\t\t\t\t<\/div>\n\t\t\t\t<\/div>\n\t\t\t\t\t<\/div>\n\t\t<\/div>\n\t\t\t\t<div class=\"elementor-column elementor-col-33 elementor-top-column elementor-element elementor-element-64083f0\" data-id=\"64083f0\" data-element_type=\"column\">\n\t\t\t<div class=\"elementor-widget-wrap elementor-element-populated\">\n\t\t\t\t\t\t<div class=\"elementor-element elementor-element-4bea8c5 elementor-widget elementor-widget-image\" data-id=\"4bea8c5\" data-element_type=\"widget\" data-widget_type=\"image.default\">\n\t\t\t\t<div class=\"elementor-widget-container\">\n\t\t\t\t\t\t\t\t\t\t\t\t\t\t\t<img fetchpriority=\"high\" decoding=\"async\" width=\"793\" height=\"1024\" src=\"http:\/\/gandarastireshop.com\/wp-content\/uploads\/2023\/05\/tire-Copy-793x1024.png\" class=\"attachment-large size-large wp-image-136\" alt=\"\" srcset=\"http:\/\/gandarastireshop.com\/wp-content\/uploads\/2023\/05\/tire-Copy-793x1024.png 793w, http:\/\/gandarastireshop.com\/wp-content\/uploads\/2023\/05\/tire-Copy-232x300.png 232w, http:\/\/gandarastireshop.com\/wp-content\/uploads\/2023\/05\/tire-Copy-768x992.png 768w, http:\/\/gandarastireshop.com\/wp-content\/uploads\/2023\/05\/tire-Copy-1189x1536.png 1189w, http:\/\/gandarastireshop.com\/wp-content\/uploads\/2023\/05\/tire-Copy-1585x2048.png 1585w, http:\/\/gandarastireshop.com\/wp-content\/uploads\/2023\/05\/tire-Copy.png 1600w\" sizes=\"(max-width: 793px) 100vw, 793px\" \/>\t\t\t\t\t\t\t\t\t\t\t\t\t\t\t<\/div>\n\t\t\t\t<\/div>\n\t\t\t\t\t<\/div>\n\t\t<\/div>\n\t\t\t\t\t<\/div>\n\t\t<\/section>\n\t\t\t\t<\/div>","protected":false},"excerpt":{"rendered":"<p>Financing At Gandara&#8217;s Auto Tires, we get it &#8211; buying a car or new tires can be a big financial hit. But don&#8217;t worry, we&#8217;ve got you covered with flexible financing options. Our 100-day financing plan makes it easy to get the products and services you need without draining your wallet. Let&#8217;s work together to [&hellip;]<\/p>","protected":false},"author":1,"featured_media":548,"parent":0,"menu_order":0,"comment_status":"closed","ping_status":"closed","template":"elementor_header_footer","meta":{"footnotes":""},"acf":[],"_links":{"self":[{"href":"http:\/\/gandarastireshop.com\/es\/wp-json\/wp\/v2\/pages\/10"}],"collection":[{"href":"http:\/\/gandarastireshop.com\/es\/wp-json\/wp\/v2\/pages"}],"about":[{"href":"http:\/\/gandarastireshop.com\/es\/wp-json\/wp\/v2\/types\/page"}],"author":[{"embeddable":true,"href":"http:\/\/gandarastireshop.com\/es\/wp-json\/wp\/v2\/users\/1"}],"replies":[{"embeddable":true,"href":"http:\/\/gandarastireshop.com\/es\/wp-json\/wp\/v2\/comments?post=10"}],"version-history":[{"count":19,"href":"http:\/\/gandarastireshop.com\/es\/wp-json\/wp\/v2\/pages\/10\/revisions"}],"predecessor-version":[{"id":590,"href":"http:\/\/gandarastireshop.com\/es\/wp-json\/wp\/v2\/pages\/10\/revisions\/590"}],"wp:featuredmedia":[{"embeddable":true,"href":"http:\/\/gandarastireshop.com\/es\/wp-json\/wp\/v2\/media\/548"}],"wp:attachment":[{"href":"http:\/\/gandarastireshop.com\/es\/wp-json\/wp\/v2\/media?parent=10"}],"curies":[{"name":"wp","href":"https:\/\/api.w.org\/{rel}","templated":true}]}}