{"id":6,"date":"2023-05-14T04:48:48","date_gmt":"2023-05-14T04:48:48","guid":{"rendered":"http:\/\/gandarastireshop.com\/?page_id=6"},"modified":"2024-01-09T21:11:37","modified_gmt":"2024-01-09T21:11:37","slug":"home","status":"publish","type":"page","link":"http:\/\/gandarastireshop.com\/es\/","title":{"rendered":"Home"},"content":{"rendered":"<div data-elementor-type=\"wp-page\" data-elementor-id=\"6\" class=\"elementor elementor-6\">\n\t\t\t\t\t\t<section class=\"elementor-section elementor-top-section elementor-element elementor-element-0abbe03 elementor-section-height-min-height elementor-section-boxed elementor-section-height-default elementor-section-items-middle\" data-id=\"0abbe03\" data-element_type=\"section\" id=\"main-slider\" data-settings=\"{&quot;background_background&quot;:&quot;slideshow&quot;,&quot;background_slideshow_gallery&quot;:[{&quot;id&quot;:556,&quot;url&quot;:&quot;http:\\\/\\\/gandarastireshop.com\\\/wp-content\\\/uploads\\\/2023\\\/11\\\/dsc07310-scaled.jpg&quot;},{&quot;id&quot;:555,&quot;url&quot;:&quot;http:\\\/\\\/gandarastireshop.com\\\/wp-content\\\/uploads\\\/2023\\\/11\\\/dsc09854-1-scaled.jpg&quot;},{&quot;id&quot;:554,&quot;url&quot;:&quot;http:\\\/\\\/gandarastireshop.com\\\/wp-content\\\/uploads\\\/2023\\\/11\\\/dsc07500-scaled.jpg&quot;},{&quot;id&quot;:553,&quot;url&quot;:&quot;http:\\\/\\\/gandarastireshop.com\\\/wp-content\\\/uploads\\\/2023\\\/11\\\/dsc07406-scaled.jpg&quot;},{&quot;id&quot;:552,&quot;url&quot;:&quot;http:\\\/\\\/gandarastireshop.com\\\/wp-content\\\/uploads\\\/2023\\\/11\\\/dsc07343-scaled.jpg&quot;},{&quot;id&quot;:551,&quot;url&quot;:&quot;http:\\\/\\\/gandarastireshop.com\\\/wp-content\\\/uploads\\\/2023\\\/11\\\/dsc09870-1-scaled.jpg&quot;},{&quot;id&quot;:550,&quot;url&quot;:&quot;http:\\\/\\\/gandarastireshop.com\\\/wp-content\\\/uploads\\\/2023\\\/11\\\/dsc09871-scaled.jpg&quot;},{&quot;id&quot;:549,&quot;url&quot;:&quot;http:\\\/\\\/gandarastireshop.com\\\/wp-content\\\/uploads\\\/2023\\\/11\\\/dsc09907-scaled.jpg&quot;}],&quot;background_slideshow_loop&quot;:&quot;yes&quot;,&quot;background_slideshow_slide_duration&quot;:5000,&quot;background_slideshow_slide_transition&quot;:&quot;fade&quot;,&quot;background_slideshow_transition_duration&quot;:500}\">\n\t\t\t\t\t\t\t<div class=\"elementor-background-overlay\"><\/div>\n\t\t\t\t\t\t\t<div class=\"elementor-container elementor-column-gap-default\">\n\t\t\t\t\t<div class=\"elementor-column elementor-col-100 elementor-top-column elementor-element elementor-element-f215f0c\" data-id=\"f215f0c\" data-element_type=\"column\">\n\t\t\t<div class=\"elementor-widget-wrap elementor-element-populated\">\n\t\t\t\t\t\t<div class=\"elementor-element elementor-element-53769dd elementor-widget elementor-widget-heading\" data-id=\"53769dd\" data-element_type=\"widget\" data-widget_type=\"heading.default\">\n\t\t\t\t<div class=\"elementor-widget-container\">\n\t\t\t\t\t<h1 class=\"elementor-heading-title elementor-size-default\">Alta calidad<\/h1>\t\t\t\t<\/div>\n\t\t\t\t<\/div>\n\t\t\t\t<div class=\"elementor-element elementor-element-5f12694 elementor-widget elementor-widget-heading\" data-id=\"5f12694\" data-element_type=\"widget\" data-widget_type=\"heading.default\">\n\t\t\t\t<div class=\"elementor-widget-container\">\n\t\t\t\t\t<h1 class=\"elementor-heading-title elementor-size-default\">Ruedas, Neum\u00e1ticos <br>y Servicios Automotrices<\/h1>\t\t\t\t<\/div>\n\t\t\t\t<\/div>\n\t\t\t\t<div class=\"elementor-element elementor-element-75a7e34 elementor-widget elementor-widget-text-editor\" data-id=\"75a7e34\" data-element_type=\"widget\" data-widget_type=\"text-editor.default\">\n\t\t\t\t<div class=\"elementor-widget-container\">\n\t\t\t\t\t\t\t\t\t<p>Adem\u00e1s, venta de autos usados. Amplia selecci\u00f3n de productos nuevos y usados. Servicios de reparaci\u00f3n m\u00f3vil disponibles.<\/p>\t\t\t\t\t\t\t\t<\/div>\n\t\t\t\t<\/div>\n\t\t\t\t<div class=\"elementor-element elementor-element-fc64422 elementor-mobile-align-center elementor-widget elementor-widget-button\" data-id=\"fc64422\" data-element_type=\"widget\" data-widget_type=\"button.default\">\n\t\t\t\t<div class=\"elementor-widget-container\">\n\t\t\t\t\t\t\t\t\t<div class=\"elementor-button-wrapper\">\n\t\t\t\t\t<a class=\"elementor-button elementor-button-link elementor-size-sm\" href=\"http:\/\/gandarastireshop.com\/es\/about-us\/\">\n\t\t\t\t\t\t<span class=\"elementor-button-content-wrapper\">\n\t\t\t\t\t\t\t\t\t<span class=\"elementor-button-text\">Nosotros<\/span>\n\t\t\t\t\t<\/span>\n\t\t\t\t\t<\/a>\n\t\t\t\t<\/div>\n\t\t\t\t\t\t\t\t<\/div>\n\t\t\t\t<\/div>\n\t\t\t\t\t<\/div>\n\t\t<\/div>\n\t\t\t\t\t<\/div>\n\t\t<\/section>\n\t\t\t\t<section class=\"elementor-section elementor-top-section elementor-element elementor-element-77a06f8 elementor-section-boxed elementor-section-height-default elementor-section-height-default\" data-id=\"77a06f8\" data-element_type=\"section\" data-settings=\"{&quot;background_background&quot;:&quot;classic&quot;}\">\n\t\t\t\t\t\t<div class=\"elementor-container elementor-column-gap-default\">\n\t\t\t\t\t<div class=\"elementor-column elementor-col-100 elementor-top-column elementor-element elementor-element-cb626e6\" data-id=\"cb626e6\" data-element_type=\"column\">\n\t\t\t<div class=\"elementor-widget-wrap elementor-element-populated\">\n\t\t\t\t\t\t<div class=\"elementor-element elementor-element-fb98d54 elementor-widget elementor-widget-heading\" data-id=\"fb98d54\" data-element_type=\"widget\" data-widget_type=\"heading.default\">\n\t\t\t\t<div class=\"elementor-widget-container\">\n\t\t\t\t\t<h1 class=\"elementor-heading-title elementor-size-default\">Buscar<\/h1>\t\t\t\t<\/div>\n\t\t\t\t<\/div>\n\t\t\t\t<div class=\"elementor-element elementor-element-62d0469 elementor-widget elementor-widget-heading\" data-id=\"62d0469\" data-element_type=\"widget\" data-widget_type=\"heading.default\">\n\t\t\t\t<div class=\"elementor-widget-container\">\n\t\t\t\t\t<h1 class=\"elementor-heading-title elementor-size-default\">Llantas por tama\u00f1o<\/h1>\t\t\t\t<\/div>\n\t\t\t\t<\/div>\n\t\t\t\t<div class=\"elementor-element elementor-element-80ef4ef elementor-widget elementor-widget-shortcode\" data-id=\"80ef4ef\" data-element_type=\"widget\" data-widget_type=\"shortcode.default\">\n\t\t\t\t<div class=\"elementor-widget-container\">\n\t\t\t\t\t\t\t<div class=\"elementor-shortcode\"><style>.tire-search-form {  margin-bottom: 20px;}.tire-search-form input[type=\"text\"] {  margin-right: 10px;}<\/style><!-- ACF Repeater search for elementor by buwo --><center><form class=\"tire-search-form\" action=\"\" method=\"post\" data-trp-original-action=\"\"><input type=\"text\" name=\"tire_size\" id=\"input-search\" placeholder=\"Por favor, ingresa el tama\u00f1o del neum\u00e1tico\"><input type=\"submit\" value=\"Buscar\" id=\"search-button\"><input type=\"hidden\" name=\"trp-form-language\" value=\"es\"\/><\/form><\/center><\/div>\n\t\t\t\t\t\t<\/div>\n\t\t\t\t<\/div>\n\t\t\t\t<div class=\"elementor-element elementor-element-d51cc1a elementor-widget elementor-widget-shortcode\" data-id=\"d51cc1a\" data-element_type=\"widget\" data-widget_type=\"shortcode.default\">\n\t\t\t\t<div class=\"elementor-widget-container\">\n\t\t\t\t\t\t\t<div class=\"elementor-shortcode\"><\/div>\n\t\t\t\t\t\t<\/div>\n\t\t\t\t<\/div>\n\t\t\t\t\t<\/div>\n\t\t<\/div>\n\t\t\t\t\t<\/div>\n\t\t<\/section>\n\t\t\t\t<section class=\"elementor-section elementor-top-section elementor-element elementor-element-82c9465 elementor-section-boxed elementor-section-height-default elementor-section-height-default\" data-id=\"82c9465\" data-element_type=\"section\" data-settings=\"{&quot;background_background&quot;:&quot;classic&quot;}\">\n\t\t\t\t\t\t<div class=\"elementor-container elementor-column-gap-extended\">\n\t\t\t\t\t<div class=\"elementor-column elementor-col-100 elementor-top-column elementor-element elementor-element-1d0dad6\" data-id=\"1d0dad6\" data-element_type=\"column\">\n\t\t\t<div class=\"elementor-widget-wrap elementor-element-populated\">\n\t\t\t\t\t\t<div class=\"elementor-element elementor-element-c4b0073 elementor-widget elementor-widget-heading\" data-id=\"c4b0073\" data-element_type=\"widget\" data-widget_type=\"heading.default\">\n\t\t\t\t<div class=\"elementor-widget-container\">\n\t\t\t\t\t<h1 class=\"elementor-heading-title elementor-size-default translation-block\">\u00bfEst\u00e1s buscando un coche usado <strong>confiable<\/strong> y <strong>asequible<\/strong>?<\/h1>\t\t\t\t<\/div>\n\t\t\t\t<\/div>\n\t\t\t\t<div class=\"elementor-element elementor-element-971a5db elementor-posts--align-left elementor-grid-3 elementor-grid-tablet-2 elementor-grid-mobile-1 elementor-posts--thumbnail-top elementor-card-shadow-yes elementor-posts__hover-gradient elementor-widget elementor-widget-posts\" data-id=\"971a5db\" data-element_type=\"widget\" data-settings=\"{&quot;cards_row_gap&quot;:{&quot;unit&quot;:&quot;px&quot;,&quot;size&quot;:50,&quot;sizes&quot;:[]},&quot;cards_columns&quot;:&quot;3&quot;,&quot;cards_columns_tablet&quot;:&quot;2&quot;,&quot;cards_columns_mobile&quot;:&quot;1&quot;,&quot;cards_row_gap_tablet&quot;:{&quot;unit&quot;:&quot;px&quot;,&quot;size&quot;:&quot;&quot;,&quot;sizes&quot;:[]},&quot;cards_row_gap_mobile&quot;:{&quot;unit&quot;:&quot;px&quot;,&quot;size&quot;:&quot;&quot;,&quot;sizes&quot;:[]}}\" data-widget_type=\"posts.cards\">\n\t\t\t\t<div class=\"elementor-widget-container\">\n\t\t\t\t\t\t\t<div class=\"elementor-posts-container elementor-posts elementor-posts--skin-cards elementor-grid\">\n\t\t\t\t<article class=\"elementor-post elementor-grid-item post-465 car type-car status-publish has-post-thumbnail hentry category-sold\">\n\t\t\t<div class=\"elementor-post__card\">\n\t\t\t\t<a class=\"elementor-post__thumbnail__link\" href=\"http:\/\/gandarastireshop.com\/es\/car\/2013-nissan-sentra-sv\/\" ><div class=\"elementor-post__thumbnail\"><img fetchpriority=\"high\" decoding=\"async\" width=\"225\" height=\"300\" src=\"http:\/\/gandarastireshop.com\/wp-content\/uploads\/2023\/11\/tempImageynYGB0-225x300.jpg\" class=\"attachment-medium size-medium wp-image-470\" alt=\"\" srcset=\"http:\/\/gandarastireshop.com\/wp-content\/uploads\/2023\/11\/tempImageynYGB0-225x300.jpg 225w, http:\/\/gandarastireshop.com\/wp-content\/uploads\/2023\/11\/tempImageynYGB0-768x1024.jpg 768w, http:\/\/gandarastireshop.com\/wp-content\/uploads\/2023\/11\/tempImageynYGB0-1152x1536.jpg 1152w, http:\/\/gandarastireshop.com\/wp-content\/uploads\/2023\/11\/tempImageynYGB0-9x12.jpg 9w, http:\/\/gandarastireshop.com\/wp-content\/uploads\/2023\/11\/tempImageynYGB0-rotated.jpg 1512w\" sizes=\"(max-width: 225px) 100vw, 225px\" \/><\/div><\/a>\n\t\t\t\t<div class=\"elementor-post__badge\">Sold<\/div>\n\t\t\t\t<div class=\"elementor-post__text\">\n\t\t\t\t<h2 class=\"elementor-post__title\">\n\t\t\t<a href=\"http:\/\/gandarastireshop.com\/es\/car\/2013-nissan-sentra-sv\/\" >\n\t\t\t\t2013 NISSAN SENTRA SV\t\t\t<\/a>\n\t\t<\/h2>\n\t\t\t\t<div class=\"elementor-post__excerpt\">\n\t\t\t\t\t<\/div>\n\t\t\t\t<\/div>\n\t\t\t\t\t<\/div>\n\t\t<\/article>\n\t\t\t\t<article class=\"elementor-post elementor-grid-item post-507 car type-car status-publish has-post-thumbnail hentry category-sold\">\n\t\t\t<div class=\"elementor-post__card\">\n\t\t\t\t<a class=\"elementor-post__thumbnail__link\" href=\"http:\/\/gandarastireshop.com\/es\/car\/2019-honda-accord\/\" ><div class=\"elementor-post__thumbnail\"><img decoding=\"async\" width=\"225\" height=\"300\" src=\"http:\/\/gandarastireshop.com\/wp-content\/uploads\/2023\/11\/IMG_4492-225x300.jpeg\" class=\"attachment-medium size-medium wp-image-508\" alt=\"\" srcset=\"http:\/\/gandarastireshop.com\/wp-content\/uploads\/2023\/11\/IMG_4492-225x300.jpeg 225w, http:\/\/gandarastireshop.com\/wp-content\/uploads\/2023\/11\/IMG_4492-768x1024.jpeg 768w, http:\/\/gandarastireshop.com\/wp-content\/uploads\/2023\/11\/IMG_4492-1152x1536.jpeg 1152w, http:\/\/gandarastireshop.com\/wp-content\/uploads\/2023\/11\/IMG_4492-9x12.jpeg 9w, http:\/\/gandarastireshop.com\/wp-content\/uploads\/2023\/11\/IMG_4492-rotated.jpeg 1512w\" sizes=\"(max-width: 225px) 100vw, 225px\" \/><\/div><\/a>\n\t\t\t\t<div class=\"elementor-post__badge\">Sold<\/div>\n\t\t\t\t<div class=\"elementor-post__text\">\n\t\t\t\t<h2 class=\"elementor-post__title\">\n\t\t\t<a href=\"http:\/\/gandarastireshop.com\/es\/car\/2019-honda-accord\/\" >\n\t\t\t\t2019 HONDA ACCORD\t\t\t<\/a>\n\t\t<\/h2>\n\t\t\t\t<div class=\"elementor-post__excerpt\">\n\t\t\t\t\t<\/div>\n\t\t\t\t<\/div>\n\t\t\t\t\t<\/div>\n\t\t<\/article>\n\t\t\t\t<article class=\"elementor-post elementor-grid-item post-486 car type-car status-publish has-post-thumbnail hentry category-sold\">\n\t\t\t<div class=\"elementor-post__card\">\n\t\t\t\t<a class=\"elementor-post__thumbnail__link\" href=\"http:\/\/gandarastireshop.com\/es\/car\/486\/\" ><div class=\"elementor-post__thumbnail\"><img decoding=\"async\" width=\"225\" height=\"300\" src=\"http:\/\/gandarastireshop.com\/wp-content\/uploads\/2023\/11\/IMG_5064-225x300.jpeg\" class=\"attachment-medium size-medium wp-image-493\" alt=\"\" srcset=\"http:\/\/gandarastireshop.com\/wp-content\/uploads\/2023\/11\/IMG_5064-225x300.jpeg 225w, http:\/\/gandarastireshop.com\/wp-content\/uploads\/2023\/11\/IMG_5064-768x1024.jpeg 768w, http:\/\/gandarastireshop.com\/wp-content\/uploads\/2023\/11\/IMG_5064-1152x1536.jpeg 1152w, http:\/\/gandarastireshop.com\/wp-content\/uploads\/2023\/11\/IMG_5064-9x12.jpeg 9w, http:\/\/gandarastireshop.com\/wp-content\/uploads\/2023\/11\/IMG_5064-rotated.jpeg 1512w\" sizes=\"(max-width: 225px) 100vw, 225px\" \/><\/div><\/a>\n\t\t\t\t<div class=\"elementor-post__badge\">Sold<\/div>\n\t\t\t\t<div class=\"elementor-post__text\">\n\t\t\t\t<h2 class=\"elementor-post__title\">\n\t\t\t<a href=\"http:\/\/gandarastireshop.com\/es\/car\/486\/\" >\n\t\t\t\t2017 NISSAN SENTRA SV\t\t\t<\/a>\n\t\t<\/h2>\n\t\t\t\t<div class=\"elementor-post__excerpt\">\n\t\t\t\t\t<\/div>\n\t\t\t\t<\/div>\n\t\t\t\t\t<\/div>\n\t\t<\/article>\n\t\t\t\t<\/div>\n\n\n\t\t\n\t\t\t\t\t\t<\/div>\n\t\t\t\t<\/div>\n\t\t\t\t<div class=\"elementor-element elementor-element-de474f2 elementor-align-center elementor-mobile-align-center elementor-widget elementor-widget-button\" data-id=\"de474f2\" data-element_type=\"widget\" data-widget_type=\"button.default\">\n\t\t\t\t<div class=\"elementor-widget-container\">\n\t\t\t\t\t\t\t\t\t<div class=\"elementor-button-wrapper\">\n\t\t\t\t\t<a class=\"elementor-button elementor-button-link elementor-size-sm\" href=\"http:\/\/gandarastireshop.com\/es\/cars\/\">\n\t\t\t\t\t\t<span class=\"elementor-button-content-wrapper\">\n\t\t\t\t\t\t\t\t\t<span class=\"elementor-button-text\">View catalog<\/span>\n\t\t\t\t\t<\/span>\n\t\t\t\t\t<\/a>\n\t\t\t\t<\/div>\n\t\t\t\t\t\t\t\t<\/div>\n\t\t\t\t<\/div>\n\t\t\t\t\t<\/div>\n\t\t<\/div>\n\t\t\t\t\t<\/div>\n\t\t<\/section>\n\t\t\t\t<section class=\"elementor-section elementor-top-section elementor-element elementor-element-66ae3a8 elementor-section-boxed elementor-section-height-default elementor-section-height-default\" data-id=\"66ae3a8\" data-element_type=\"section\" data-settings=\"{&quot;background_background&quot;:&quot;classic&quot;}\">\n\t\t\t\t\t\t\t<div class=\"elementor-background-overlay\"><\/div>\n\t\t\t\t\t\t\t<div class=\"elementor-container elementor-column-gap-default\">\n\t\t\t\t\t<div class=\"elementor-column elementor-col-33 elementor-top-column elementor-element elementor-element-96be143\" data-id=\"96be143\" data-element_type=\"column\">\n\t\t\t<div class=\"elementor-widget-wrap elementor-element-populated\">\n\t\t\t\t\t\t<div class=\"elementor-element elementor-element-86561e8 elementor-absolute elementor-hidden-tablet elementor-hidden-mobile elementor-widget elementor-widget-image\" data-id=\"86561e8\" data-element_type=\"widget\" data-settings=\"{&quot;_position&quot;:&quot;absolute&quot;}\" data-widget_type=\"image.default\">\n\t\t\t\t<div class=\"elementor-widget-container\">\n\t\t\t\t\t\t\t\t\t\t\t\t\t\t\t<img loading=\"lazy\" decoding=\"async\" width=\"793\" height=\"1024\" src=\"http:\/\/gandarastireshop.com\/wp-content\/uploads\/2023\/05\/tire-793x1024.png\" class=\"attachment-large size-large wp-image-137\" alt=\"\" srcset=\"http:\/\/gandarastireshop.com\/wp-content\/uploads\/2023\/05\/tire-793x1024.png 793w, http:\/\/gandarastireshop.com\/wp-content\/uploads\/2023\/05\/tire-232x300.png 232w, http:\/\/gandarastireshop.com\/wp-content\/uploads\/2023\/05\/tire-768x992.png 768w, http:\/\/gandarastireshop.com\/wp-content\/uploads\/2023\/05\/tire-1189x1536.png 1189w, http:\/\/gandarastireshop.com\/wp-content\/uploads\/2023\/05\/tire-1585x2048.png 1585w, http:\/\/gandarastireshop.com\/wp-content\/uploads\/2023\/05\/tire.png 1600w\" sizes=\"(max-width: 793px) 100vw, 793px\" \/>\t\t\t\t\t\t\t\t\t\t\t\t\t\t\t<\/div>\n\t\t\t\t<\/div>\n\t\t\t\t\t<\/div>\n\t\t<\/div>\n\t\t\t\t<div class=\"elementor-column elementor-col-66 elementor-top-column elementor-element elementor-element-e6c7e71\" data-id=\"e6c7e71\" data-element_type=\"column\">\n\t\t\t<div class=\"elementor-widget-wrap elementor-element-populated\">\n\t\t\t\t\t\t<div class=\"elementor-element elementor-element-1752fe7 elementor-widget elementor-widget-heading\" data-id=\"1752fe7\" data-element_type=\"widget\" data-widget_type=\"heading.default\">\n\t\t\t\t<div class=\"elementor-widget-container\">\n\t\t\t\t\t<h1 class=\"elementor-heading-title elementor-size-default\">Gandara's <br>\nTire Shop<\/h1>\t\t\t\t<\/div>\n\t\t\t\t<\/div>\n\t\t\t\t<div class=\"elementor-element elementor-element-d8c5388 elementor-widget-divider--view-line elementor-widget elementor-widget-divider\" data-id=\"d8c5388\" data-element_type=\"widget\" data-widget_type=\"divider.default\">\n\t\t\t\t<div class=\"elementor-widget-container\">\n\t\t\t\t\t\t\t<div class=\"elementor-divider\">\n\t\t\t<span class=\"elementor-divider-separator\">\n\t\t\t\t\t\t<\/span>\n\t\t<\/div>\n\t\t\t\t\t\t<\/div>\n\t\t\t\t<\/div>\n\t\t\t\t<div class=\"elementor-element elementor-element-80ee7ae elementor-widget elementor-widget-heading\" data-id=\"80ee7ae\" data-element_type=\"widget\" data-widget_type=\"heading.default\">\n\t\t\t\t<div class=\"elementor-widget-container\">\n\t\t\t\t\t<h1 class=\"elementor-heading-title elementor-size-default\">Plan de financiamiento a<\/h1>\t\t\t\t<\/div>\n\t\t\t\t<\/div>\n\t\t\t\t<div class=\"elementor-element elementor-element-da841e0 elementor-widget elementor-widget-heading\" data-id=\"da841e0\" data-element_type=\"widget\" data-widget_type=\"heading.default\">\n\t\t\t\t<div class=\"elementor-widget-container\">\n\t\t\t\t\t<h1 class=\"elementor-heading-title elementor-size-default\">100 d\u00edas<\/h1>\t\t\t\t<\/div>\n\t\t\t\t<\/div>\n\t\t\t\t<div class=\"elementor-element elementor-element-d31571a elementor-widget elementor-widget-text-editor\" data-id=\"d31571a\" data-element_type=\"widget\" data-widget_type=\"text-editor.default\">\n\t\t\t\t<div class=\"elementor-widget-container\">\n\t\t\t\t\t\t\t\t\t<p>\u00a1Trabajemos juntos para encontrar un plan de pago que se ajuste a tu presupuesto!<\/p>\t\t\t\t\t\t\t\t<\/div>\n\t\t\t\t<\/div>\n\t\t\t\t<div class=\"elementor-element elementor-element-a066473 elementor-mobile-align-center elementor-widget elementor-widget-button\" data-id=\"a066473\" data-element_type=\"widget\" data-widget_type=\"button.default\">\n\t\t\t\t<div class=\"elementor-widget-container\">\n\t\t\t\t\t\t\t\t\t<div class=\"elementor-button-wrapper\">\n\t\t\t\t\t<a class=\"elementor-button elementor-button-link elementor-size-sm\" href=\"http:\/\/gandarastireshop.com\/es\/financing\/\">\n\t\t\t\t\t\t<span class=\"elementor-button-content-wrapper\">\n\t\t\t\t\t\t\t\t\t<span class=\"elementor-button-text\">M\u00e1s informaci\u00f3n<\/span>\n\t\t\t\t\t<\/span>\n\t\t\t\t\t<\/a>\n\t\t\t\t<\/div>\n\t\t\t\t\t\t\t\t<\/div>\n\t\t\t\t<\/div>\n\t\t\t\t\t<\/div>\n\t\t<\/div>\n\t\t\t\t\t<\/div>\n\t\t<\/section>\n\t\t\t\t<section class=\"elementor-section elementor-top-section elementor-element elementor-element-0237214 elementor-section-boxed elementor-section-height-default elementor-section-height-default\" data-id=\"0237214\" data-element_type=\"section\">\n\t\t\t\t\t\t<div class=\"elementor-container elementor-column-gap-default\">\n\t\t\t\t\t<div class=\"elementor-column elementor-col-100 elementor-top-column elementor-element elementor-element-8907a54\" data-id=\"8907a54\" data-element_type=\"column\">\n\t\t\t<div class=\"elementor-widget-wrap elementor-element-populated\">\n\t\t\t\t\t\t<div class=\"elementor-element elementor-element-b0f7b7f elementor-widget elementor-widget-spacer\" data-id=\"b0f7b7f\" data-element_type=\"widget\" data-widget_type=\"spacer.default\">\n\t\t\t\t<div class=\"elementor-widget-container\">\n\t\t\t\t\t\t\t<div class=\"elementor-spacer\">\n\t\t\t<div class=\"elementor-spacer-inner\"><\/div>\n\t\t<\/div>\n\t\t\t\t\t\t<\/div>\n\t\t\t\t<\/div>\n\t\t\t\t\t<\/div>\n\t\t<\/div>\n\t\t\t\t\t<\/div>\n\t\t<\/section>\n\t\t\t\t<\/div>","protected":false},"excerpt":{"rendered":"<p>High Quality Wheels, Tires, and Auto Services, Plus Used Car Sales. Wide Selection of New and Used Products. Mobile Repair Services Available. About us Search Tires by Size Looking for a Reliable and affordable used car? View catalog Gandara&#8217;s Tire Shop 100-Day Financing plan Let&#8217;s work together to find a payment plan that fits your [&hellip;]<\/p>","protected":false},"author":1,"featured_media":0,"parent":0,"menu_order":0,"comment_status":"closed","ping_status":"closed","template":"elementor_header_footer","meta":{"footnotes":""},"acf":[],"_links":{"self":[{"href":"http:\/\/gandarastireshop.com\/es\/wp-json\/wp\/v2\/pages\/6"}],"collection":[{"href":"http:\/\/gandarastireshop.com\/es\/wp-json\/wp\/v2\/pages"}],"about":[{"href":"http:\/\/gandarastireshop.com\/es\/wp-json\/wp\/v2\/types\/page"}],"author":[{"embeddable":true,"href":"http:\/\/gandarastireshop.com\/es\/wp-json\/wp\/v2\/users\/1"}],"replies":[{"embeddable":true,"href":"http:\/\/gandarastireshop.com\/es\/wp-json\/wp\/v2\/comments?post=6"}],"version-history":[{"count":135,"href":"http:\/\/gandarastireshop.com\/es\/wp-json\/wp\/v2\/pages\/6\/revisions"}],"predecessor-version":[{"id":647,"href":"http:\/\/gandarastireshop.com\/es\/wp-json\/wp\/v2\/pages\/6\/revisions\/647"}],"wp:attachment":[{"href":"http:\/\/gandarastireshop.com\/es\/wp-json\/wp\/v2\/media?parent=6"}],"curies":[{"name":"wp","href":"https:\/\/api.w.org\/{rel}","templated":true}]}}