{"id":8,"date":"2023-05-14T04:49:10","date_gmt":"2023-05-14T04:49:10","guid":{"rendered":"http:\/\/gandarastireshop.com\/?page_id=8"},"modified":"2023-05-18T18:10:08","modified_gmt":"2023-05-18T18:10:08","slug":"about-us","status":"publish","type":"page","link":"http:\/\/gandarastireshop.com\/es\/about-us\/","title":{"rendered":"Nosotros"},"content":{"rendered":"<div data-elementor-type=\"wp-page\" data-elementor-id=\"8\" class=\"elementor elementor-8\">\n\t\t\t\t\t\t<section class=\"elementor-section elementor-top-section elementor-element elementor-element-3dc9f4b elementor-section-boxed elementor-section-height-default elementor-section-height-default\" data-id=\"3dc9f4b\" data-element_type=\"section\" data-settings=\"{&quot;background_background&quot;:&quot;classic&quot;}\">\n\t\t\t\t\t\t\t<div class=\"elementor-background-overlay\"><\/div>\n\t\t\t\t\t\t\t<div class=\"elementor-container elementor-column-gap-default\">\n\t\t\t\t\t<div class=\"elementor-column elementor-col-100 elementor-top-column elementor-element elementor-element-7f88a5e\" data-id=\"7f88a5e\" data-element_type=\"column\">\n\t\t\t<div class=\"elementor-widget-wrap elementor-element-populated\">\n\t\t\t\t\t\t<div class=\"elementor-element elementor-element-9da3947 elementor-widget elementor-widget-spacer\" data-id=\"9da3947\" data-element_type=\"widget\" data-widget_type=\"spacer.default\">\n\t\t\t\t<div class=\"elementor-widget-container\">\n\t\t\t\t\t\t\t<div class=\"elementor-spacer\">\n\t\t\t<div class=\"elementor-spacer-inner\"><\/div>\n\t\t<\/div>\n\t\t\t\t\t\t<\/div>\n\t\t\t\t<\/div>\n\t\t\t\t\t<\/div>\n\t\t<\/div>\n\t\t\t\t\t<\/div>\n\t\t<\/section>\n\t\t\t\t<section class=\"elementor-section elementor-top-section elementor-element elementor-element-d153d5b elementor-section-boxed elementor-section-height-default elementor-section-height-default\" data-id=\"d153d5b\" data-element_type=\"section\" data-settings=\"{&quot;background_background&quot;:&quot;classic&quot;}\">\n\t\t\t\t\t\t<div class=\"elementor-container elementor-column-gap-default\">\n\t\t\t\t\t<div class=\"elementor-column elementor-col-66 elementor-top-column elementor-element elementor-element-4f9b64e\" data-id=\"4f9b64e\" data-element_type=\"column\">\n\t\t\t<div class=\"elementor-widget-wrap elementor-element-populated\">\n\t\t\t\t\t\t<div class=\"elementor-element elementor-element-d33b54f elementor-widget elementor-widget-heading\" data-id=\"d33b54f\" data-element_type=\"widget\" data-widget_type=\"heading.default\">\n\t\t\t\t<div class=\"elementor-widget-container\">\n\t\t\t\t\t<h1 class=\"elementor-heading-title elementor-size-default\">Nosotros<\/h1>\t\t\t\t<\/div>\n\t\t\t\t<\/div>\n\t\t\t\t<div class=\"elementor-element elementor-element-3f4d95b elementor-widget elementor-widget-text-editor\" data-id=\"3f4d95b\" data-element_type=\"widget\" data-widget_type=\"text-editor.default\">\n\t\t\t\t<div class=\"elementor-widget-container\">\n\t\t\t\t\t\t\t\t\t<p>Ofrecemos una amplia selecci\u00f3n de ruedas y neum\u00e1ticos nuevos y usados, as\u00ed como servicios mec\u00e1nicos generales y venta de autos usados. Utiliza nuestra herramienta de b\u00fasqueda para encontrar el neum\u00e1tico perfecto seg\u00fan tus medidas espec\u00edficas. Tambi\u00e9n ofrecemos opciones de financiamiento para tu comodidad.<\/p>\t\t\t\t\t\t\t\t<\/div>\n\t\t\t\t<\/div>\n\t\t\t\t<section class=\"elementor-section elementor-inner-section elementor-element elementor-element-e1c8eb8 elementor-section-boxed elementor-section-height-default elementor-section-height-default\" data-id=\"e1c8eb8\" data-element_type=\"section\">\n\t\t\t\t\t\t<div class=\"elementor-container elementor-column-gap-default\">\n\t\t\t\t\t<div class=\"elementor-column elementor-col-50 elementor-inner-column elementor-element elementor-element-05540e3\" data-id=\"05540e3\" data-element_type=\"column\">\n\t\t\t<div class=\"elementor-widget-wrap elementor-element-populated\">\n\t\t\t\t\t\t<div class=\"elementor-element elementor-element-5332bd0 elementor-widget__width-initial elementor-widget elementor-widget-heading\" data-id=\"5332bd0\" data-element_type=\"widget\" data-widget_type=\"heading.default\">\n\t\t\t\t<div class=\"elementor-widget-container\">\n\t\t\t\t\t<h1 class=\"elementor-heading-title elementor-size-default\">Ofrecemos<\/h1>\t\t\t\t<\/div>\n\t\t\t\t<\/div>\n\t\t\t\t\t<\/div>\n\t\t<\/div>\n\t\t\t\t<div class=\"elementor-column elementor-col-50 elementor-inner-column elementor-element elementor-element-a4bd4f4\" data-id=\"a4bd4f4\" data-element_type=\"column\">\n\t\t\t<div class=\"elementor-widget-wrap elementor-element-populated\">\n\t\t\t\t\t\t<div class=\"elementor-element elementor-element-bb74fe6 elementor-widget-divider--view-line elementor-widget elementor-widget-divider\" data-id=\"bb74fe6\" data-element_type=\"widget\" data-widget_type=\"divider.default\">\n\t\t\t\t<div class=\"elementor-widget-container\">\n\t\t\t\t\t\t\t<div class=\"elementor-divider\">\n\t\t\t<span class=\"elementor-divider-separator\">\n\t\t\t\t\t\t<\/span>\n\t\t<\/div>\n\t\t\t\t\t\t<\/div>\n\t\t\t\t<\/div>\n\t\t\t\t\t<\/div>\n\t\t<\/div>\n\t\t\t\t\t<\/div>\n\t\t<\/section>\n\t\t\t\t<section class=\"elementor-section elementor-inner-section elementor-element elementor-element-07e40e1 elementor-section-boxed elementor-section-height-default elementor-section-height-default\" data-id=\"07e40e1\" data-element_type=\"section\">\n\t\t\t\t\t\t<div class=\"elementor-container elementor-column-gap-default\">\n\t\t\t\t\t<div class=\"elementor-column elementor-col-25 elementor-inner-column elementor-element elementor-element-8b687f5\" data-id=\"8b687f5\" data-element_type=\"column\">\n\t\t\t<div class=\"elementor-widget-wrap elementor-element-populated\">\n\t\t\t\t\t\t<div class=\"elementor-element elementor-element-54f1767 elementor-widget elementor-widget-image\" data-id=\"54f1767\" data-element_type=\"widget\" data-widget_type=\"image.default\">\n\t\t\t\t<div class=\"elementor-widget-container\">\n\t\t\t\t\t\t\t\t\t\t\t\t\t\t\t<img fetchpriority=\"high\" decoding=\"async\" width=\"386\" height=\"386\" src=\"http:\/\/gandarastireshop.com\/wp-content\/uploads\/2023\/05\/GandarasWeb_Llantas.png\" class=\"attachment-large size-large wp-image-86\" alt=\"\" srcset=\"http:\/\/gandarastireshop.com\/wp-content\/uploads\/2023\/05\/GandarasWeb_Llantas.png 386w, http:\/\/gandarastireshop.com\/wp-content\/uploads\/2023\/05\/GandarasWeb_Llantas-300x300.png 300w, http:\/\/gandarastireshop.com\/wp-content\/uploads\/2023\/05\/GandarasWeb_Llantas-150x150.png 150w\" sizes=\"(max-width: 386px) 100vw, 386px\" \/>\t\t\t\t\t\t\t\t\t\t\t\t\t\t\t<\/div>\n\t\t\t\t<\/div>\n\t\t\t\t<div class=\"elementor-element elementor-element-9836c8a elementor-widget elementor-widget-heading\" data-id=\"9836c8a\" data-element_type=\"widget\" data-widget_type=\"heading.default\">\n\t\t\t\t<div class=\"elementor-widget-container\">\n\t\t\t\t\t<p class=\"elementor-heading-title elementor-size-default translation-block\">Llantas y neum\u00e1ticos <br> Nuevos \/ Usados<\/p>\t\t\t\t<\/div>\n\t\t\t\t<\/div>\n\t\t\t\t\t<\/div>\n\t\t<\/div>\n\t\t\t\t<div class=\"elementor-column elementor-col-25 elementor-inner-column elementor-element elementor-element-0cd1edd\" data-id=\"0cd1edd\" data-element_type=\"column\">\n\t\t\t<div class=\"elementor-widget-wrap elementor-element-populated\">\n\t\t\t\t\t\t<div class=\"elementor-element elementor-element-5a62e96 elementor-widget elementor-widget-image\" data-id=\"5a62e96\" data-element_type=\"widget\" data-widget_type=\"image.default\">\n\t\t\t\t<div class=\"elementor-widget-container\">\n\t\t\t\t\t\t\t\t\t\t\t\t\t\t\t<img decoding=\"async\" width=\"356\" height=\"355\" src=\"http:\/\/gandarastireshop.com\/wp-content\/uploads\/2023\/05\/GandarasWeb_GeneralMechanic.png\" class=\"attachment-large size-large wp-image-85\" alt=\"\" srcset=\"http:\/\/gandarastireshop.com\/wp-content\/uploads\/2023\/05\/GandarasWeb_GeneralMechanic.png 356w, http:\/\/gandarastireshop.com\/wp-content\/uploads\/2023\/05\/GandarasWeb_GeneralMechanic-300x300.png 300w, http:\/\/gandarastireshop.com\/wp-content\/uploads\/2023\/05\/GandarasWeb_GeneralMechanic-150x150.png 150w\" sizes=\"(max-width: 356px) 100vw, 356px\" \/>\t\t\t\t\t\t\t\t\t\t\t\t\t\t\t<\/div>\n\t\t\t\t<\/div>\n\t\t\t\t<div class=\"elementor-element elementor-element-72d8944 elementor-widget elementor-widget-heading\" data-id=\"72d8944\" data-element_type=\"widget\" data-widget_type=\"heading.default\">\n\t\t\t\t<div class=\"elementor-widget-container\">\n\t\t\t\t\t<p class=\"elementor-heading-title elementor-size-default translation-block\">Taller Mec\u00e1nico <br>General<\/p>\t\t\t\t<\/div>\n\t\t\t\t<\/div>\n\t\t\t\t\t<\/div>\n\t\t<\/div>\n\t\t\t\t<div class=\"elementor-column elementor-col-25 elementor-inner-column elementor-element elementor-element-d9e31b1\" data-id=\"d9e31b1\" data-element_type=\"column\">\n\t\t\t<div class=\"elementor-widget-wrap elementor-element-populated\">\n\t\t\t\t\t\t<div class=\"elementor-element elementor-element-f09a6e0 elementor-widget elementor-widget-image\" data-id=\"f09a6e0\" data-element_type=\"widget\" data-widget_type=\"image.default\">\n\t\t\t\t<div class=\"elementor-widget-container\">\n\t\t\t\t\t\t\t\t\t\t\t\t\t\t\t<img decoding=\"async\" width=\"480\" height=\"229\" src=\"http:\/\/gandarastireshop.com\/wp-content\/uploads\/2023\/05\/GandarasWeb_UsedCar.png\" class=\"attachment-large size-large wp-image-84\" alt=\"\" srcset=\"http:\/\/gandarastireshop.com\/wp-content\/uploads\/2023\/05\/GandarasWeb_UsedCar.png 480w, http:\/\/gandarastireshop.com\/wp-content\/uploads\/2023\/05\/GandarasWeb_UsedCar-300x143.png 300w\" sizes=\"(max-width: 480px) 100vw, 480px\" \/>\t\t\t\t\t\t\t\t\t\t\t\t\t\t\t<\/div>\n\t\t\t\t<\/div>\n\t\t\t\t<div class=\"elementor-element elementor-element-c41097d elementor-widget elementor-widget-heading\" data-id=\"c41097d\" data-element_type=\"widget\" data-widget_type=\"heading.default\">\n\t\t\t\t<div class=\"elementor-widget-container\">\n\t\t\t\t\t<p class=\"elementor-heading-title elementor-size-default translation-block\">Venta <br> de Autos<\/p>\t\t\t\t<\/div>\n\t\t\t\t<\/div>\n\t\t\t\t\t<\/div>\n\t\t<\/div>\n\t\t\t\t<div class=\"elementor-column elementor-col-25 elementor-inner-column elementor-element elementor-element-4be87ac\" data-id=\"4be87ac\" data-element_type=\"column\">\n\t\t\t<div class=\"elementor-widget-wrap elementor-element-populated\">\n\t\t\t\t\t\t<div class=\"elementor-element elementor-element-81f7024 elementor-widget elementor-widget-image\" data-id=\"81f7024\" data-element_type=\"widget\" data-widget_type=\"image.default\">\n\t\t\t\t<div class=\"elementor-widget-container\">\n\t\t\t\t\t\t\t\t\t\t\t\t\t\t\t<img loading=\"lazy\" decoding=\"async\" width=\"497\" height=\"295\" src=\"http:\/\/gandarastireshop.com\/wp-content\/uploads\/2023\/05\/GandarasWeb_PickUp_Amarillo.png\" class=\"attachment-large size-large wp-image-87\" alt=\"\" srcset=\"http:\/\/gandarastireshop.com\/wp-content\/uploads\/2023\/05\/GandarasWeb_PickUp_Amarillo.png 497w, http:\/\/gandarastireshop.com\/wp-content\/uploads\/2023\/05\/GandarasWeb_PickUp_Amarillo-300x178.png 300w\" sizes=\"(max-width: 497px) 100vw, 497px\" \/>\t\t\t\t\t\t\t\t\t\t\t\t\t\t\t<\/div>\n\t\t\t\t<\/div>\n\t\t\t\t<div class=\"elementor-element elementor-element-9f4d46a elementor-widget elementor-widget-heading\" data-id=\"9f4d46a\" data-element_type=\"widget\" data-widget_type=\"heading.default\">\n\t\t\t\t<div class=\"elementor-widget-container\">\n\t\t\t\t\t<p class=\"elementor-heading-title elementor-size-default translation-block\">Servicio de <br> Reparaci\u00f3n M\u00f3vil<\/p>\t\t\t\t<\/div>\n\t\t\t\t<\/div>\n\t\t\t\t\t<\/div>\n\t\t<\/div>\n\t\t\t\t\t<\/div>\n\t\t<\/section>\n\t\t\t\t\t<\/div>\n\t\t<\/div>\n\t\t\t\t<div class=\"elementor-column elementor-col-33 elementor-top-column elementor-element elementor-element-26859f8\" data-id=\"26859f8\" data-element_type=\"column\">\n\t\t\t<div class=\"elementor-widget-wrap elementor-element-populated\">\n\t\t\t\t\t\t<div class=\"elementor-element elementor-element-33da9f9 elementor-widget elementor-widget-image\" data-id=\"33da9f9\" data-element_type=\"widget\" data-widget_type=\"image.default\">\n\t\t\t\t<div class=\"elementor-widget-container\">\n\t\t\t\t\t\t\t\t\t\t\t\t\t\t\t<img loading=\"lazy\" decoding=\"async\" width=\"800\" height=\"850\" src=\"http:\/\/gandarastireshop.com\/wp-content\/uploads\/2023\/05\/GandarasWeb_G_GandarasTireShop-Copy.png\" class=\"attachment-large size-large wp-image-142\" alt=\"\" srcset=\"http:\/\/gandarastireshop.com\/wp-content\/uploads\/2023\/05\/GandarasWeb_G_GandarasTireShop-Copy.png 841w, http:\/\/gandarastireshop.com\/wp-content\/uploads\/2023\/05\/GandarasWeb_G_GandarasTireShop-Copy-282x300.png 282w, http:\/\/gandarastireshop.com\/wp-content\/uploads\/2023\/05\/GandarasWeb_G_GandarasTireShop-Copy-768x816.png 768w\" sizes=\"(max-width: 800px) 100vw, 800px\" \/>\t\t\t\t\t\t\t\t\t\t\t\t\t\t\t<\/div>\n\t\t\t\t<\/div>\n\t\t\t\t\t<\/div>\n\t\t<\/div>\n\t\t\t\t\t<\/div>\n\t\t<\/section>\n\t\t\t\t<\/div>","protected":false},"excerpt":{"rendered":"<p>About Us We offer a wide selection of new and used wheels and tires, as well as general mechanic services and used car sales. Use our search tool to find the perfect tire based on your specific measurements. We also offer financing options for your convenience. What we offer New \/ Used Wheels &amp; Tires [&hellip;]<\/p>","protected":false},"author":1,"featured_media":0,"parent":0,"menu_order":0,"comment_status":"closed","ping_status":"closed","template":"elementor_header_footer","meta":{"footnotes":""},"acf":[],"_links":{"self":[{"href":"http:\/\/gandarastireshop.com\/es\/wp-json\/wp\/v2\/pages\/8"}],"collection":[{"href":"http:\/\/gandarastireshop.com\/es\/wp-json\/wp\/v2\/pages"}],"about":[{"href":"http:\/\/gandarastireshop.com\/es\/wp-json\/wp\/v2\/types\/page"}],"author":[{"embeddable":true,"href":"http:\/\/gandarastireshop.com\/es\/wp-json\/wp\/v2\/users\/1"}],"replies":[{"embeddable":true,"href":"http:\/\/gandarastireshop.com\/es\/wp-json\/wp\/v2\/comments?post=8"}],"version-history":[{"count":14,"href":"http:\/\/gandarastireshop.com\/es\/wp-json\/wp\/v2\/pages\/8\/revisions"}],"predecessor-version":[{"id":391,"href":"http:\/\/gandarastireshop.com\/es\/wp-json\/wp\/v2\/pages\/8\/revisions\/391"}],"wp:attachment":[{"href":"http:\/\/gandarastireshop.com\/es\/wp-json\/wp\/v2\/media?parent=8"}],"curies":[{"name":"wp","href":"https:\/\/api.w.org\/{rel}","templated":true}]}}